{"id":11,"date":"2022-03-16T11:04:16","date_gmt":"2022-03-16T10:04:16","guid":{"rendered":"http:\/\/lsgestionadministrative.com\/?page_id=11"},"modified":"2025-01-10T19:40:35","modified_gmt":"2025-01-10T18:40:35","slug":"mon-entreprise","status":"publish","type":"page","link":"https:\/\/lsgestionadministrative.com\/index.php\/mon-entreprise\/","title":{"rendered":"Mon entreprise"},"content":{"rendered":"\n<p class=\"has-medium-font-size\"><strong><em><span style=\"color:#fcb900\" class=\"tadv-color\">Un service de t\u00e9l\u00e9secr\u00e9tariat \u00e0 Saint-Etienne<\/span><\/em><\/strong><\/p>\n\n\n\n<p>Je me suis \u00e9tablie en tant que\u00a0<strong>secr\u00e9taire ind\u00e9pendante<\/strong>\u00a0et t\u00e9l\u00e9travaille essentiellement avec des entreprises de la r\u00e9gion Auvergne-Rh\u00f4ne-Alpes, depuis f\u00e9vrier 2010.<\/p>\n\n\n\n<p>Mon activit\u00e9 me permet d&rsquo;allier l\u2019autonomie, la polyvalence, et le sens des responsabilit\u00e9s acquis \u00e0 travers les postes d&rsquo;<strong>assistante de direction<\/strong>&nbsp;occup\u00e9s durant 12 ans dans diff\u00e9rents domaines (recrutement \/ gestion du personnel et gestion administrative) dans des secteurs d\u2019activit\u00e9 vari\u00e9s comme la grande distribution, la gestion de patrimoine et la communication.<\/p>\n\n\n\n<p class=\"has-text-color has-medium-font-size\" style=\"color:#027fc7\"><strong><span style=\"color:#2d5faf\" class=\"tadv-color\">Mais, qu&rsquo;est-ce le t\u00e9l\u00e9secr\u00e9tariat ?<\/span><\/strong><\/p>\n\n\n\n<p>Il s&rsquo;agit de&nbsp;<strong>l&rsquo;ensemble des t\u00e2ches administratives et de secr\u00e9tariat<\/strong>&nbsp;pouvant \u00eatre r\u00e9alis\u00e9es \u00e0 distance par un prestataire ext\u00e9rieur \u00e0 l&rsquo;entreprise.<\/p>\n\n\n\n<p>Le&nbsp;<strong>t\u00e9l\u00e9secr\u00e9tariat<\/strong>&nbsp;permet de faire face \u00e0 des besoins ponctuels ou r\u00e9guliers, \u00e0 la carte, en ne payant que les prestations r\u00e9alis\u00e9es.<br>Les services d\u2019une&nbsp;<strong>t\u00e9l\u00e9secr\u00e9taire<\/strong>&nbsp;couvrent tous les secteurs d\u2019activit\u00e9 et s\u2019adresse \u00e0 toutes les entreprises quel que soit la taille.<\/p>\n\n\n\n<p>Il relie flexibilit\u00e9, efficacit\u00e9 et r\u00e9activit\u00e9 !<\/p>\n\n\n\n<p><\/p>\n\n\n\n<p class=\"has-medium-font-size\"><strong><span style=\"color:#00d084\" class=\"tadv-color\">Le secr\u00e9tariat classique :<\/span><\/strong><\/p>\n\n\n\n<ul class=\"wp-block-list\">\n<li>R\u00e9daction, frappe, mise en page de documents<\/li>\n\n\n\n<li><strong>Transcriptions de comptes-rendus audio<\/strong>&nbsp;(CSE, CSSCT, CHSCT, entretien, entretien t\u00e9l\u00e9phonique, focus groupe, r\u00e9union, colloque\u2026)<\/li>\n\n\n\n<li>Publipostage<\/li>\n\n\n\n<li>Classement, archivage<\/li>\n\n\n\n<li>Cr\u00e9ation et pr\u00e9sentation de tableaux et graphiques, de diaporamas Powerpoint<\/li>\n\n\n\n<li>D\u00e9marche administratives diverses<\/li>\n\n\n\n<li>R\u00e9organisation du secr\u00e9tariat<\/li>\n<\/ul>\n\n\n\n<p><span><span style=\"\" class=\"tadv-color\"><span style=\"color: rgb(0, 208, 132); font-weight: bold;\" class=\"tadv-color\">La gestion :<\/span><\/span><\/span><\/p>\n\n\n\n<ul class=\"wp-block-list\">\n<li>Etablissement de devis et factures<\/li>\n\n\n\n<li>Relance clients (r\u00e8glements)<\/li>\n\n\n\n<li>Tr\u00e9sorerie : encaissements, r\u00e8glements<\/li>\n\n\n\n<li>Pr\u00e9paration des \u00e9l\u00e9ments pour votre comptable<\/li>\n\n\n\n<li><strong>Interventions en associations<\/strong><\/li>\n<\/ul>\n\n\n\n<p><\/p>\n\n\n\n<p><span style=\"color:#2d3ebc\" class=\"tadv-color\">Mon objectif de t\u00e9l\u00e9secr\u00e9taire est de contribuer \u00e0 votre efficacit\u00e9. <\/span><\/p>\n\n\n\n<p style=\"font-size:20px\"><span style=\"color:#2d3ebc\" class=\"tadv-color\"><strong><em>Ayez recours au t\u00e9l\u00e9travail et consacrez-vous \u00e0 votre<\/em><\/strong><em><strong> \u00ab\u00a0vrai\u00a0\u00bb m\u00e9tier<\/strong> ! <\/em><\/span><\/p>\n","protected":false},"excerpt":{"rendered":"<p>Un service de t\u00e9l\u00e9secr\u00e9tariat \u00e0 Saint-Etienne Je me suis \u00e9tablie en tant que\u00a0secr\u00e9taire ind\u00e9pendante\u00a0et t\u00e9l\u00e9travaille essentiellement avec des entreprises de la r\u00e9gion Auvergne-Rh\u00f4ne-Alpes, depuis f\u00e9vrier 2010. Mon activit\u00e9 me permet <a class=\"more-link\" href=\"https:\/\/lsgestionadministrative.com\/index.php\/mon-entreprise\/\">Read More &#8230;<\/a><\/p>\n","protected":false},"author":1,"featured_media":0,"parent":0,"menu_order":10,"comment_status":"closed","ping_status":"closed","template":"","meta":{"footnotes":""},"class_list":["post-11","page","type-page","status-publish","hentry"],"aioseo_notices":[],"_links":{"self":[{"href":"https:\/\/lsgestionadministrative.com\/index.php\/wp-json\/wp\/v2\/pages\/11","targetHints":{"allow":["GET"]}}],"collection":[{"href":"https:\/\/lsgestionadministrative.com\/index.php\/wp-json\/wp\/v2\/pages"}],"about":[{"href":"https:\/\/lsgestionadministrative.com\/index.php\/wp-json\/wp\/v2\/types\/page"}],"author":[{"embeddable":true,"href":"https:\/\/lsgestionadministrative.com\/index.php\/wp-json\/wp\/v2\/users\/1"}],"replies":[{"embeddable":true,"href":"https:\/\/lsgestionadministrative.com\/index.php\/wp-json\/wp\/v2\/comments?post=11"}],"version-history":[{"count":17,"href":"https:\/\/lsgestionadministrative.com\/index.php\/wp-json\/wp\/v2\/pages\/11\/revisions"}],"predecessor-version":[{"id":511,"href":"https:\/\/lsgestionadministrative.com\/index.php\/wp-json\/wp\/v2\/pages\/11\/revisions\/511"}],"wp:attachment":[{"href":"https:\/\/lsgestionadministrative.com\/index.php\/wp-json\/wp\/v2\/media?parent=11"}],"curies":[{"name":"wp","href":"https:\/\/api.w.org\/{rel}","templated":true}]}}