{"id":13,"date":"2022-03-16T11:04:59","date_gmt":"2022-03-16T10:04:59","guid":{"rendered":"http:\/\/lsgestionadministrative.com\/?page_id=13"},"modified":"2023-03-02T22:44:27","modified_gmt":"2023-03-02T21:44:27","slug":"administratif-gestion","status":"publish","type":"page","link":"https:\/\/lsgestionadministrative.com\/index.php\/administratif-gestion\/","title":{"rendered":"Administratif Gestion"},"content":{"rendered":"\n<p class=\"has-luminous-vivid-amber-color has-text-color has-medium-font-size\"><strong><em>Une assistance administrative<\/em><\/strong><\/p>\n\n\n\n<p>Vous \u00eates artisans, professions lib\u00e9rales, associations, patrons de TPE ou de PME et vous manquez de temps pour g\u00e9rer correctement tous les aspects administratifs et comptables de votre structure ?<br>Une&nbsp;<strong>assistante administrative et comptable<\/strong>&nbsp;vous d\u00e9charge de toutes ces t\u00e2ches. Elle travaille en collaboration et&nbsp;<strong>sous la tutelle de votre Expert Comptable ou de votre Centre de Gestion Agr\u00e9\u00e9<\/strong>. Tous les documents n\u00e9cessaires au bilan sont ainsi trait\u00e9s et class\u00e9s au fur et \u00e0 mesure.<\/p>\n\n\n\n<p class=\"has-medium-font-size\"><strong><span style=\"color:#3745ad\" class=\"tadv-color\">Les missions en gestion administrative<\/span><\/strong><\/p>\n\n\n\n<p>Elles sont r\u00e9alis\u00e9es&nbsp;<strong>de mani\u00e8re r\u00e9guli\u00e8re<\/strong>&nbsp;dans vos locaux ou \u00e0 distance, \u00e0 raison de<strong>&nbsp;quelques heures par semaine<\/strong>, et peuvent \u00eatre divis\u00e9es en 3 grands th\u00e8mes :<\/p>\n\n\n\n<p><strong><span style=\"color:#00d084\" class=\"tadv-color\">L&rsquo;assistance comptable :<\/span><\/strong><\/p>\n\n\n\n<ul class=\"wp-block-list\">\n<li><strong>Tenue de la banque :<\/strong>&nbsp;suivi des clients et des fournisseurs<\/li>\n\n\n\n<li><strong>Pr\u00e9paration des r\u00e8glements :<\/strong>&nbsp;fournisseurs, charges sociales<\/li>\n\n\n\n<li><strong>Remise \u00e0 l&rsquo;encaissement<\/strong>&nbsp;des r\u00e8glements clients (virements, ch\u00e8ques, traites)<\/li>\n\n\n\n<li><strong>Rapprochements bancaires<\/strong><\/li>\n\n\n\n<li>Pr\u00e9paration de la d\u00e9claration de&nbsp;<strong>TVA<\/strong><\/li>\n<\/ul>\n\n\n\n<p><strong><span style=\"color:#00d084\" class=\"tadv-color\">En un mot :&nbsp;<\/span>pr\u00e9paration de toutes les pi\u00e8ces n\u00e9cessaires au bilan pour l&rsquo;expert-comptable<\/strong><\/p>\n\n\n\n<p><strong><span style=\"color:#00d084\" class=\"tadv-color\">L&rsquo;administratif  :<\/span><\/strong><\/p>\n\n\n\n<ul class=\"wp-block-list\">\n<li>Courriers et d\u00e9marches administratives<\/li>\n\n\n\n<li>Mise en page, graphiques, tableaux de bord<\/li>\n<\/ul>\n\n\n\n<p><strong><span style=\"color:#00d084\" class=\"tadv-color\">La gestion quotidienne :<\/span><\/strong><\/p>\n\n\n\n<ul class=\"wp-block-list\">\n<li>Frappe des devis, des commandes et \u00e9tablissement des factures<\/li>\n\n\n\n<li>Relance des impay\u00e9s<\/li>\n\n\n\n<li>Suivi de la tr\u00e9sorerie<\/li>\n\n\n\n<li>Etablissement de situations hebdomadaires ou mensuelles<br><\/li>\n<\/ul>\n\n\n\n<p><em><span style=\"color:#3745ad\" class=\"tadv-color\">\u00ab\u00a0Pouvoir assister dans la gestion de votre activit\u00e9 est une grande satisfaction pour moi, au quotidien. Je souhaite vous apporter mon exp\u00e9rience, \u00e9tablir des tableaux de suivi faciles \u00e0 lire vous permettant d&rsquo;avoir, \u00e0 tout moment,<\/span><strong><span style=\"color:#3745ad\" class=\"tadv-color\"> <\/span><\/strong><span style=\"\" class=\"tadv-color\"><strong style=\"color: rgb(55, 69, 173);\">une vision de votre situation : commande, factures, encaissements, tr\u00e9sorerie<\/strong>.\u00a0\u00bb<font color=\"#3745ad\"> <\/font><\/span><\/em><\/p>\n\n\n\n<p class=\"has-normal-font-size\"><em><span style=\"\" class=\"tadv-color\"><font color=\"#3745ad\"><strong>Mettez de l&rsquo;ordre dans <\/strong><\/font><strong><font color=\"#3745ad\">votre <\/font><\/strong><\/span><span style=\"color:#3745ad\" class=\"tadv-color\"><strong>administratif et consacrez-vous sereinement \u00e0 votre vrai m\u00e9tier ! <\/strong><\/span><\/em><\/p>\n","protected":false},"excerpt":{"rendered":"<p>Une assistance administrative Vous \u00eates artisans, professions lib\u00e9rales, associations, patrons de TPE ou de PME et vous manquez de temps pour g\u00e9rer correctement tous les aspects administratifs et comptables de <a class=\"more-link\" href=\"https:\/\/lsgestionadministrative.com\/index.php\/administratif-gestion\/\">Read More &#8230;<\/a><\/p>\n","protected":false},"author":1,"featured_media":0,"parent":0,"menu_order":20,"comment_status":"closed","ping_status":"closed","template":"","meta":{"footnotes":""},"class_list":["post-13","page","type-page","status-publish","hentry"],"aioseo_notices":[],"_links":{"self":[{"href":"https:\/\/lsgestionadministrative.com\/index.php\/wp-json\/wp\/v2\/pages\/13","targetHints":{"allow":["GET"]}}],"collection":[{"href":"https:\/\/lsgestionadministrative.com\/index.php\/wp-json\/wp\/v2\/pages"}],"about":[{"href":"https:\/\/lsgestionadministrative.com\/index.php\/wp-json\/wp\/v2\/types\/page"}],"author":[{"embeddable":true,"href":"https:\/\/lsgestionadministrative.com\/index.php\/wp-json\/wp\/v2\/users\/1"}],"replies":[{"embeddable":true,"href":"https:\/\/lsgestionadministrative.com\/index.php\/wp-json\/wp\/v2\/comments?post=13"}],"version-history":[{"count":16,"href":"https:\/\/lsgestionadministrative.com\/index.php\/wp-json\/wp\/v2\/pages\/13\/revisions"}],"predecessor-version":[{"id":333,"href":"https:\/\/lsgestionadministrative.com\/index.php\/wp-json\/wp\/v2\/pages\/13\/revisions\/333"}],"wp:attachment":[{"href":"https:\/\/lsgestionadministrative.com\/index.php\/wp-json\/wp\/v2\/media?parent=13"}],"curies":[{"name":"wp","href":"https:\/\/api.w.org\/{rel}","templated":true}]}}