{"id":15,"date":"2022-03-16T11:05:37","date_gmt":"2022-03-16T10:05:37","guid":{"rendered":"http:\/\/lsgestionadministrative.com\/?page_id=15"},"modified":"2024-11-05T22:19:14","modified_gmt":"2024-11-05T21:19:14","slug":"service-de-transcription","status":"publish","type":"page","link":"https:\/\/lsgestionadministrative.com\/index.php\/service-de-transcription\/","title":{"rendered":"Service de transcription"},"content":{"rendered":"\n<p class=\"has-luminous-vivid-amber-color has-text-color has-medium-font-size\"><strong><em>Un service de transcription audio<\/em><\/strong><\/p>\n\n\n\n<p>A partir des enregistrements audio num\u00e9riques de vos r\u00e9unions, je r\u00e9alise selon votre besoin,<strong>&nbsp;vos transcriptions int\u00e9grales, vos comptes-rendus ou vos synth\u00e8ses.<\/strong><br><br>Les besoins en transcription sont multiples et concernent de nombreuses professions :<\/p>\n\n\n\n<ul class=\"wp-block-list\">\n<li>les entreprises et administrations :&nbsp;<strong>frappe des comptes-rendus de r\u00e9unions<\/strong>&nbsp;et des proc\u00e8s-verbaux des conseils d&rsquo;administration, de courriers et de rapports<\/li>\n\n\n\n<li>les professions lib\u00e9rales, les experts en assurance, en immobilier :&nbsp;<strong>saisie audio des rapports dict\u00e9s<\/strong><\/li>\n\n\n\n<li>la presse, les universitaires :&nbsp;<strong>retranscription d&rsquo;entretiens<\/strong>, d&rsquo;interviews, de focus groupe&#8230;<\/li>\n<\/ul>\n\n\n\n<p>Je transcris chaque mois des&nbsp;<strong>proc\u00e8s-verbaux de CSE, CSSCT, CHSCT<\/strong>&nbsp;de plusieurs heures.<\/p>\n\n\n\n<p class=\"has-medium-font-size\"><strong><span style=\"color:#3e64ac\" class=\"tadv-color\">Quel type de transcription choisir ?<\/span><\/strong><\/p>\n\n\n\n<p>Vous pensez certainement \u00e0 la\u00a0<strong>frappe au km\u00a0<\/strong>&#8211; avec ou sans mise en page. Mais il faut savoir que l&rsquo;<strong>audiotypie<\/strong>\u00a0comporte 3 grands niveaux de prestations :<\/p>\n\n\n\n<p><strong><span style=\"color:#00d084\" class=\"tadv-color\">La transcription int\u00e9grale :<\/span><\/strong><\/p>\n\n\n\n<p>Tout est retranscrit : c&rsquo;est le mot \u00e0 mot &#8211; la frappe \u00e0 la vol\u00e9e &#8211; la transcription&nbsp;<strong>\u00ab\u00a0in extenso\u00a0\u00bb<\/strong>, les h\u00e9sitations, les erreurs de syntaxe peuvent \u00eatre aussi consign\u00e9es.<\/p>\n\n\n\n<p><strong><span style=\"background-color:#e5ae4a\" class=\"tadv-background-color\">les avantages :<\/span><\/strong><\/p>\n\n\n\n<p>Vous gardez une&nbsp;<strong>\u00ab\u00a0copie conforme de la bande audio\u00a0\u00bb<\/strong>&nbsp;de tout ce qui a \u00e9t\u00e9 dit avec toutes les nuances &#8211; en bref, un instantan\u00e9 de l&rsquo;atmosph\u00e8re du moment (groupe de travail&#8230;).&nbsp;<strong>Vous pourrez vous replonger dans les d\u00e9tails.<\/strong><\/p>\n\n\n\n<p><strong><strong><span style=\"color:#00d084\" class=\"tadv-color\">La synth\u00e8se : <\/span><\/strong><\/strong><\/p>\n\n\n\n<p>Votre r\u00e9union est retranscrite de mani\u00e8re synth\u00e9tique dans ses grandes lignes, seuls&nbsp;<strong>les points essentiels sont conserv\u00e9s<\/strong>.<\/p>\n\n\n\n<p><strong><span style=\"background-color:#e5ae4a\" class=\"tadv-background-color\">les avantages :<\/span><\/strong><\/p>\n\n\n\n<p>Un document court et facilement&nbsp;<strong>diffusable<\/strong>.<\/p>\n\n\n\n<p><strong><span style=\"color:#00d084\" class=\"tadv-color\">Le compte-rendu :<\/span><\/strong><\/p>\n\n\n\n<p>Le contenu de votre enregistrement est corrig\u00e9, reformul\u00e9, liss\u00e9 pour aboutir \u00e0 une&nbsp;<strong>version plus concise que la transcription int\u00e9grale<\/strong>.<\/p>\n\n\n\n<p><strong><span style=\"background-color:#e5ae4a\" class=\"tadv-background-color\">les avantages :<\/span><\/strong><\/p>\n\n\n\n<p>Vous retrouvez le d\u00e9roulement de votre r\u00e9union lib\u00e9r\u00e9 de toutes les pesanteurs des discussions.<\/p>\n\n\n\n<p><strong>Le compte-rendu est utilis\u00e9 pour tout type de r\u00e9unions (CSE, CSSCT, CHSCT&#8230;)<\/strong>.<\/p>\n\n\n\n<p>Je respecte votre trame habituelle : commentaires de tableaux, point sur l&rsquo;activit\u00e9&#8230;<\/p>\n\n\n\n<p><\/p>\n\n\n\n<h3 class=\"wp-block-heading\" style=\"font-size:18px\"><span style=\"color:#38579b\" class=\"tadv-color\"><strong><em>Gardez la trace de<\/em>s<em> r\u00e9unions et diffusez vos comptes-rendus rapidement !<\/em><\/strong><\/span><\/h3>\n\n\n\n<p><\/p>\n","protected":false},"excerpt":{"rendered":"<p>Un service de transcription audio A partir des enregistrements audio num\u00e9riques de vos r\u00e9unions, je r\u00e9alise selon votre besoin,&nbsp;vos transcriptions int\u00e9grales, vos comptes-rendus ou vos synth\u00e8ses. Les besoins en transcription <a class=\"more-link\" href=\"https:\/\/lsgestionadministrative.com\/index.php\/service-de-transcription\/\">Read More &#8230;<\/a><\/p>\n","protected":false},"author":1,"featured_media":0,"parent":0,"menu_order":30,"comment_status":"closed","ping_status":"closed","template":"","meta":{"footnotes":""},"class_list":["post-15","page","type-page","status-publish","hentry"],"aioseo_notices":[],"_links":{"self":[{"href":"https:\/\/lsgestionadministrative.com\/index.php\/wp-json\/wp\/v2\/pages\/15","targetHints":{"allow":["GET"]}}],"collection":[{"href":"https:\/\/lsgestionadministrative.com\/index.php\/wp-json\/wp\/v2\/pages"}],"about":[{"href":"https:\/\/lsgestionadministrative.com\/index.php\/wp-json\/wp\/v2\/types\/page"}],"author":[{"embeddable":true,"href":"https:\/\/lsgestionadministrative.com\/index.php\/wp-json\/wp\/v2\/users\/1"}],"replies":[{"embeddable":true,"href":"https:\/\/lsgestionadministrative.com\/index.php\/wp-json\/wp\/v2\/comments?post=15"}],"version-history":[{"count":20,"href":"https:\/\/lsgestionadministrative.com\/index.php\/wp-json\/wp\/v2\/pages\/15\/revisions"}],"predecessor-version":[{"id":507,"href":"https:\/\/lsgestionadministrative.com\/index.php\/wp-json\/wp\/v2\/pages\/15\/revisions\/507"}],"wp:attachment":[{"href":"https:\/\/lsgestionadministrative.com\/index.php\/wp-json\/wp\/v2\/media?parent=15"}],"curies":[{"name":"wp","href":"https:\/\/api.w.org\/{rel}","templated":true}]}}