{"id":5,"date":"2022-03-16T10:52:03","date_gmt":"2022-03-16T09:52:03","guid":{"rendered":"http:\/\/lsgestionadministrative.com\/?page_id=5"},"modified":"2024-09-20T11:32:36","modified_gmt":"2024-09-20T09:32:36","slug":"accueil","status":"publish","type":"page","link":"https:\/\/lsgestionadministrative.com\/","title":{"rendered":"LS Gestion Administrative"},"content":{"rendered":"\n<p><span style=\"background-color:#e5ae4a\" class=\"tadv-background-color\"><strong>Un service de t\u00e9l\u00e9secr\u00e9tariat complet<\/strong><\/span><\/p>\n\n\n\n<p>Vous devez faire face \u00e0 un surcro\u00eet d\u2019activit\u00e9 et vous ne souhaitez pas embaucher une secr\u00e9taire.<\/p>\n\n\n\n<p><span style=\"color:#e5ae4a\" class=\"tadv-color\"><strong>Adoptez la solution pratique&nbsp;: le t\u00e9l\u00e9secr\u00e9tariat, un service \u00e0 la carte&nbsp;!<\/strong><\/span><\/p>\n\n\n\n<p><strong><strong><span style=\"color:#2d5faf\" class=\"tadv-color\">Pour faire face \u00e0 des besoins ponctuels ou r\u00e9guliers, avec une personne exp\u00e9riment\u00e9e habitu\u00e9e \u00e0 travailler pour diff\u00e9rents interlocuteurs, en toute confidentialit\u00e9. <\/span><\/strong><\/strong><\/p>\n\n\n\n<p><\/p>\n\n\n\n<p><strong><span style=\"background-color:#36e38f\" class=\"tadv-background-color\">Avantages&nbsp;:<\/span><\/strong><\/p>\n\n\n\n<ul class=\"wp-block-list\"><li>R\u00e9activit\u00e9<\/li><li>Efficacit\u00e9<\/li><li>Flexibilit\u00e9<\/li><li>Rester concentr\u00e9 sur son m\u00e9tier<\/li><li>Pas de contraintes li\u00e9s \u00e0 l\u2019embauche<\/li><li>Economie sur les charges fixes<\/li><\/ul>\n\n\n\n<p><\/p>\n\n\n\n<figure class=\"wp-block-table alignleft\"><table class=\"has-yellow-color has-white-background-color has-text-color has-background\"><tbody><tr><td><strong>Contactez-moi pour un devis sans engagement :&nbsp;06 42 59 88 45 ou<\/strong><\/td><td><a href=\"https:\/\/lsgestionadministrative.com\/index.php\/contact\/\" title=\"Contact\"><img loading=\"lazy\" decoding=\"async\" width=\"81\" height=\"89\" class=\"wp-image-312\" style=\"width: 81px;\" src=\"https:\/\/lsgestionadministrative.com\/wp-content\/uploads\/2022\/06\/lettre-email.gif\" alt=\"\"><\/a><\/td><\/tr><\/tbody><\/table><\/figure>\n","protected":false},"excerpt":{"rendered":"<p>Un service de t\u00e9l\u00e9secr\u00e9tariat complet Vous devez faire face \u00e0 un surcro\u00eet d\u2019activit\u00e9 et vous ne souhaitez pas embaucher une secr\u00e9taire. Adoptez la solution pratique&nbsp;: le t\u00e9l\u00e9secr\u00e9tariat, un service \u00e0 <a class=\"more-link\" href=\"https:\/\/lsgestionadministrative.com\/\">Read More &#8230;<\/a><\/p>\n","protected":false},"author":1,"featured_media":0,"parent":0,"menu_order":0,"comment_status":"closed","ping_status":"closed","template":"","meta":{"footnotes":""},"class_list":["post-5","page","type-page","status-publish","hentry"],"aioseo_notices":[],"_links":{"self":[{"href":"https:\/\/lsgestionadministrative.com\/index.php\/wp-json\/wp\/v2\/pages\/5","targetHints":{"allow":["GET"]}}],"collection":[{"href":"https:\/\/lsgestionadministrative.com\/index.php\/wp-json\/wp\/v2\/pages"}],"about":[{"href":"https:\/\/lsgestionadministrative.com\/index.php\/wp-json\/wp\/v2\/types\/page"}],"author":[{"embeddable":true,"href":"https:\/\/lsgestionadministrative.com\/index.php\/wp-json\/wp\/v2\/users\/1"}],"replies":[{"embeddable":true,"href":"https:\/\/lsgestionadministrative.com\/index.php\/wp-json\/wp\/v2\/comments?post=5"}],"version-history":[{"count":18,"href":"https:\/\/lsgestionadministrative.com\/index.php\/wp-json\/wp\/v2\/pages\/5\/revisions"}],"predecessor-version":[{"id":504,"href":"https:\/\/lsgestionadministrative.com\/index.php\/wp-json\/wp\/v2\/pages\/5\/revisions\/504"}],"wp:attachment":[{"href":"https:\/\/lsgestionadministrative.com\/index.php\/wp-json\/wp\/v2\/media?parent=5"}],"curies":[{"name":"wp","href":"https:\/\/api.w.org\/{rel}","templated":true}]}}