{"id":55,"date":"2022-03-30T09:36:44","date_gmt":"2022-03-30T07:36:44","guid":{"rendered":"http:\/\/lsgestionadministrative.com\/?page_id=55"},"modified":"2025-09-02T19:05:47","modified_gmt":"2025-09-02T17:05:47","slug":"qui-suis-je","status":"publish","type":"page","link":"https:\/\/lsgestionadministrative.com\/index.php\/mon-entreprise\/qui-suis-je\/","title":{"rendered":"Qui suis-je ?"},"content":{"rendered":"\n<p>De formation <strong>assistante de direction, sp\u00e9cialis\u00e9e en ressources humaines, <\/strong>j\u2019ai cr\u00e9\u00e9 <strong>LS GESTION ADMINISTRATIVE<\/strong>, en 2010.<\/p>\n\n\n\n<p>Qualifi\u00e9e de \u00ab&nbsp;<strong>Couteau suisse<\/strong>\u00ae&nbsp;\u00bb par mes clients, je mets \u00e0 profit mes 24 ann\u00e9es d\u2019exp\u00e9rience, aupr\u00e8s d\u2019associations, d\u2019artisans, de TPE \/ PME, ou encore de services sp\u00e9cialis\u00e9s au sein de grandes entreprises.<\/p>\n\n\n\n<p>Mes domaines d\u2019intervention sont vari\u00e9s&nbsp;:<\/p>\n\n\n\n<ul class=\"wp-block-list\">\n<li><strong>Secr\u00e9tariat<\/strong><\/li>\n\n\n\n<li><strong>Gestion administrative<\/strong><\/li>\n\n\n\n<li><strong>Transcription<\/strong><\/li>\n<\/ul>\n\n\n\n<p>Depuis 2013, j\u2019ai souhait\u00e9 me rapprocher de mon c\u0153ur de m\u00e9tier, <strong>la bureautique<\/strong>, en devenant formateur&nbsp;! <strong>En tant qu\u2019organisme de formation<\/strong>, je dispense des <strong>formations professionnelles<\/strong> <strong>bureautiques et<\/strong> <strong>digitales<\/strong>, aupr\u00e8s de centres agr\u00e9\u00e9s <em>Qualiopi<\/em>.<\/p>\n\n\n\n<p><\/p>\n\n\n\n<p style=\"font-size:20px\"><strong><em><em><span style=\"color:#3745ad\" class=\"tadv-color\"><strong>Mon objectif de t\u00e9l\u00e9secr\u00e9taire est de contribuer \u00e0 votre efficacit\u00e9 <\/strong><\/span><\/em><\/em><\/strong><\/p>\n\n\n<div class=\"wp-block-image is-style-default\">\n<figure class=\"aligncenter size-full is-resized\"><a href=\"https:\/\/lsgestionadministrative.com\/wp-content\/uploads\/2025\/09\/CV-PNG-scaled.png\"><img loading=\"lazy\" decoding=\"async\" width=\"600\" height=\"600\" src=\"https:\/\/lsgestionadministrative.com\/wp-content\/uploads\/2022\/06\/kisspng-pdf-computer-icons-vector-graphics-clip-art-adobe-deputycop-software-features-opg-form-completion-5b74f3b1754248.0526403715343912174803.png\" alt=\"\" class=\"wp-image-308\" style=\"width:64px;height:64px\" srcset=\"https:\/\/lsgestionadministrative.com\/wp-content\/uploads\/2022\/06\/kisspng-pdf-computer-icons-vector-graphics-clip-art-adobe-deputycop-software-features-opg-form-completion-5b74f3b1754248.0526403715343912174803.png 600w, https:\/\/lsgestionadministrative.com\/wp-content\/uploads\/2022\/06\/kisspng-pdf-computer-icons-vector-graphics-clip-art-adobe-deputycop-software-features-opg-form-completion-5b74f3b1754248.0526403715343912174803-300x300.png 300w, https:\/\/lsgestionadministrative.com\/wp-content\/uploads\/2022\/06\/kisspng-pdf-computer-icons-vector-graphics-clip-art-adobe-deputycop-software-features-opg-form-completion-5b74f3b1754248.0526403715343912174803-150x150.png 150w\" sizes=\"auto, (max-width: 600px) 100vw, 600px\" \/><\/a><figcaption class=\"wp-element-caption\">Mon CV<\/figcaption><\/figure>\n<\/div>","protected":false},"excerpt":{"rendered":"<p>De formation assistante de direction, sp\u00e9cialis\u00e9e en ressources humaines, j\u2019ai cr\u00e9\u00e9 LS GESTION ADMINISTRATIVE, en 2010. Qualifi\u00e9e de \u00ab&nbsp;Couteau suisse\u00ae&nbsp;\u00bb par mes clients, je mets \u00e0 profit mes 24 ann\u00e9es <a class=\"more-link\" href=\"https:\/\/lsgestionadministrative.com\/index.php\/mon-entreprise\/qui-suis-je\/\">Read More &#8230;<\/a><\/p>\n","protected":false},"author":1,"featured_media":0,"parent":11,"menu_order":10,"comment_status":"closed","ping_status":"closed","template":"","meta":{"footnotes":""},"class_list":["post-55","page","type-page","status-publish","hentry"],"aioseo_notices":[],"_links":{"self":[{"href":"https:\/\/lsgestionadministrative.com\/index.php\/wp-json\/wp\/v2\/pages\/55","targetHints":{"allow":["GET"]}}],"collection":[{"href":"https:\/\/lsgestionadministrative.com\/index.php\/wp-json\/wp\/v2\/pages"}],"about":[{"href":"https:\/\/lsgestionadministrative.com\/index.php\/wp-json\/wp\/v2\/types\/page"}],"author":[{"embeddable":true,"href":"https:\/\/lsgestionadministrative.com\/index.php\/wp-json\/wp\/v2\/users\/1"}],"replies":[{"embeddable":true,"href":"https:\/\/lsgestionadministrative.com\/index.php\/wp-json\/wp\/v2\/comments?post=55"}],"version-history":[{"count":22,"href":"https:\/\/lsgestionadministrative.com\/index.php\/wp-json\/wp\/v2\/pages\/55\/revisions"}],"predecessor-version":[{"id":573,"href":"https:\/\/lsgestionadministrative.com\/index.php\/wp-json\/wp\/v2\/pages\/55\/revisions\/573"}],"up":[{"embeddable":true,"href":"https:\/\/lsgestionadministrative.com\/index.php\/wp-json\/wp\/v2\/pages\/11"}],"wp:attachment":[{"href":"https:\/\/lsgestionadministrative.com\/index.php\/wp-json\/wp\/v2\/media?parent=55"}],"curies":[{"name":"wp","href":"https:\/\/api.w.org\/{rel}","templated":true}]}}